{"id":104,"date":"2017-05-06T20:06:04","date_gmt":"2017-05-06T20:06:04","guid":{"rendered":"http:\/\/5c2shq.myvserver.online\/khjoe\/?page_id=104"},"modified":"2022-01-25T13:32:13","modified_gmt":"2022-01-25T13:32:13","slug":"impressum","status":"publish","type":"page","link":"https:\/\/www.khjoe.at\/khjoe\/index.php\/impressum\/","title":{"rendered":"Impressum"},"content":{"rendered":"<p>Die Katholische Hochschuljugend \u00d6sterreich ist Teil der Katholischen Aktion (KA). Das bedeutet, dass ihre studentischen Mitglieder aus christlicher \u00dcberzeugung Verantwortung in Kirche und Gesellschaft \u00fcbernehmen wollen.<\/p>\n<p>Die Gruppierungen der Katholischen Hochschuljugend \u00d6sterreich sind in Wien, Linz, Salzburg, Innsbruck, Graz und Leoben vertreten.<\/p>\n<p><strong>Kontakt:<\/strong><\/p>\n<p><strong>Adresse:<\/strong> 1010 Wien,<\/p>\n<p>Ebendorferstra\u00dfe 8<\/p>\n<p><strong>Telefon:<\/strong> + 43 676 5135647<\/p>\n<p><strong>E-mail:<\/strong> <a href=\"mailto:khjoe@khjoe.at\">khjoe@khjoe.at<\/a><\/p>\n<p>bundesteam@khjoe.at<br \/><strong>Facebook:<\/strong> <a href=\"https:\/\/www.facebook.com\/khjoesterreich\" target=\"_blank\" rel=\"noopener\">Link<\/a><br \/><strong>Instagram:<\/strong> <a href=\"https:\/\/www.instagram.com\/khj_oesterreich\/\" target=\"_blank\" rel=\"noopener\">KHJ\u00d6 (@khj_oesterreich) \u2022 Instagram-Fotos und -Videos<\/a><\/p>\n\n\n<p><\/p>\n","protected":false},"excerpt":{"rendered":"<p>Die Katholische Hochschuljugend \u00d6sterreich ist Teil der Katholischen Aktion (KA). Das bedeutet, [&hellip;]<\/p>\n","protected":false},"author":1,"featured_media":0,"parent":0,"menu_order":0,"comment_status":"closed","ping_status":"closed","template":"","meta":[],"_links":{"self":[{"href":"https:\/\/www.khjoe.at\/khjoe\/index.php\/wp-json\/wp\/v2\/pages\/104"}],"collection":[{"href":"https:\/\/www.khjoe.at\/khjoe\/index.php\/wp-json\/wp\/v2\/pages"}],"about":[{"href":"https:\/\/www.khjoe.at\/khjoe\/index.php\/wp-json\/wp\/v2\/types\/page"}],"author":[{"embeddable":true,"href":"https:\/\/www.khjoe.at\/khjoe\/index.php\/wp-json\/wp\/v2\/users\/1"}],"replies":[{"embeddable":true,"href":"https:\/\/www.khjoe.at\/khjoe\/index.php\/wp-json\/wp\/v2\/comments?post=104"}],"version-history":[{"count":6,"href":"https:\/\/www.khjoe.at\/khjoe\/index.php\/wp-json\/wp\/v2\/pages\/104\/revisions"}],"predecessor-version":[{"id":322,"href":"https:\/\/www.khjoe.at\/khjoe\/index.php\/wp-json\/wp\/v2\/pages\/104\/revisions\/322"}],"wp:attachment":[{"href":"https:\/\/www.khjoe.at\/khjoe\/index.php\/wp-json\/wp\/v2\/media?parent=104"}],"curies":[{"name":"wp","href":"https:\/\/api.w.org\/{rel}","templated":true}]}}