{"id":119,"date":"2017-05-06T20:34:50","date_gmt":"2017-05-06T20:34:50","guid":{"rendered":"http:\/\/5c2shq.myvserver.online\/khjoe\/?page_id=119"},"modified":"2024-08-13T09:33:30","modified_gmt":"2024-08-13T09:33:30","slug":"inneres-statut","status":"publish","type":"page","link":"https:\/\/www.khjoe.at\/khjoe\/index.php\/inneres-statut\/","title":{"rendered":"Inneres Statut und Statuten"},"content":{"rendered":"<ul>\n<li>Inneres Statut der KHJ\u00d6 (2000) <a href=\"http:\/\/www.khjoe.at\/khjoe\/wp-content\/uploads\/2021\/03\/inneres-Statut.pdf\" target=\"_blank\" rel=\"noopener\">inneres Statut<\/a><\/li>\n<li>Statuten der KHJ\u00d6 (2022) <a href=\"http:\/\/www.khjoe.at\/khjoe\/wp-content\/uploads\/2024\/08\/Statuten_2022.pdf\" target=\"_blank\" rel=\"noopener\">KHJ\u00d6_Statuten_2022<\/a><\/li>\n<\/ul>\n","protected":false},"excerpt":{"rendered":"<p>Inneres Statut der KHJ\u00d6 (2000) inneres Statut Statuten der KHJ\u00d6 (2022) KHJ\u00d6_Statuten_2022<\/p>\n","protected":false},"author":1,"featured_media":0,"parent":0,"menu_order":0,"comment_status":"closed","ping_status":"closed","template":"","meta":[],"_links":{"self":[{"href":"https:\/\/www.khjoe.at\/khjoe\/index.php\/wp-json\/wp\/v2\/pages\/119"}],"collection":[{"href":"https:\/\/www.khjoe.at\/khjoe\/index.php\/wp-json\/wp\/v2\/pages"}],"about":[{"href":"https:\/\/www.khjoe.at\/khjoe\/index.php\/wp-json\/wp\/v2\/types\/page"}],"author":[{"embeddable":true,"href":"https:\/\/www.khjoe.at\/khjoe\/index.php\/wp-json\/wp\/v2\/users\/1"}],"replies":[{"embeddable":true,"href":"https:\/\/www.khjoe.at\/khjoe\/index.php\/wp-json\/wp\/v2\/comments?post=119"}],"version-history":[{"count":6,"href":"https:\/\/www.khjoe.at\/khjoe\/index.php\/wp-json\/wp\/v2\/pages\/119\/revisions"}],"predecessor-version":[{"id":612,"href":"https:\/\/www.khjoe.at\/khjoe\/index.php\/wp-json\/wp\/v2\/pages\/119\/revisions\/612"}],"wp:attachment":[{"href":"https:\/\/www.khjoe.at\/khjoe\/index.php\/wp-json\/wp\/v2\/media?parent=119"}],"curies":[{"name":"wp","href":"https:\/\/api.w.org\/{rel}","templated":true}]}}